{"id":1699,"date":"2020-09-05T18:03:02","date_gmt":"2020-09-05T15:03:02","guid":{"rendered":"http:\/\/yilmaxgumruk.com\/?page_id=1699"},"modified":"2023-04-24T15:05:23","modified_gmt":"2023-04-24T12:05:23","slug":"hakkimizda","status":"publish","type":"page","link":"https:\/\/yilmaxgumruk.com\/?page_id=1699","title":{"rendered":"Teknoloji"},"content":{"rendered":"\t\t<div data-elementor-type=\"wp-post\" data-elementor-id=\"1699\" class=\"elementor elementor-1699\" data-elementor-settings=\"[]\">\n\t\t\t\t\t\t<div class=\"elementor-inner\">\n\t\t\t\t\t\t\t<div class=\"elementor-section-wrap\">\n\t\t\t\t\t\t\t<section class=\"elementor-section elementor-top-section elementor-element elementor-element-3ac3cd3 elementor-section-boxed elementor-section-height-default elementor-section-height-default\" data-id=\"3ac3cd3\" data-element_type=\"section\">\n\t\t\t\t\t\t<div class=\"elementor-container elementor-column-gap-default\">\n\t\t\t\t\t\t\t<div class=\"elementor-row\">\n\t\t\t\t\t<div class=\"elementor-column elementor-col-33 elementor-top-column elementor-element elementor-element-70212bb\" data-id=\"70212bb\" data-element_type=\"column\">\n\t\t\t<div class=\"elementor-column-wrap elementor-element-populated\">\n\t\t\t\t\t\t\t<div class=\"elementor-widget-wrap\">\n\t\t\t\t\t\t<section class=\"elementor-section elementor-inner-section elementor-element elementor-element-b2a432c elementor-section-boxed elementor-section-height-default elementor-section-height-default\" data-id=\"b2a432c\" data-element_type=\"section\">\n\t\t\t\t\t\t<div class=\"elementor-container elementor-column-gap-default\">\n\t\t\t\t\t\t\t<div class=\"elementor-row\">\n\t\t\t\t\t<div class=\"elementor-column elementor-col-100 elementor-inner-column elementor-element elementor-element-41da233\" data-id=\"41da233\" data-element_type=\"column\" data-settings=\"{&quot;background_background&quot;:&quot;classic&quot;}\">\n\t\t\t<div class=\"elementor-column-wrap elementor-element-populated\">\n\t\t\t\t\t<div class=\"elementor-background-overlay\"><\/div>\n\t\t\t\t\t\t\t<div class=\"elementor-widget-wrap\">\n\t\t\t\t\t\t<div class=\"elementor-element elementor-element-031233e elementor-widget elementor-widget-heading\" data-id=\"031233e\" data-element_type=\"widget\" data-widget_type=\"heading.default\">\n\t\t\t\t<div class=\"elementor-widget-container\">\n\t\t\t<h2 class=\"elementor-heading-title elementor-size-default\">Bize Ula\u015f\u0131n<\/h2>\t\t<\/div>\n\t\t\t\t<\/div>\n\t\t\t\t<div class=\"elementor-element elementor-element-94e11ba elementor-widget elementor-widget-text-editor\" data-id=\"94e11ba\" data-element_type=\"widget\" data-widget_type=\"text-editor.default\">\n\t\t\t\t<div class=\"elementor-widget-container\">\n\t\t\t\t\t<div class=\"elementor-text-editor elementor-clearfix\"><p>\u00c7oban\u00e7e\u015fme Mah. Kalender Sok. Elpa Residence No:7\/2 Bah\u00e7elievler\u00a0\/ \u0130STANBUL<\/p><p>Tel : +90 535 223 75 98<br \/>E-posta : bilgi@yilmaxgumruk.com<\/p><\/div>\n\t\t\t\t<\/div>\n\t\t\t\t<\/div>\n\t\t\t\t<div class=\"elementor-element elementor-element-331e554 elementor-align-left elementor-widget elementor-widget-button\" data-id=\"331e554\" data-element_type=\"widget\" data-widget_type=\"button.default\">\n\t\t\t\t<div class=\"elementor-widget-container\">\n\t\t\t\t\t<div class=\"elementor-button-wrapper\">\n\t\t\t<a href=\"#\" class=\"elementor-button-link elementor-button elementor-size-md\" role=\"button\">\n\t\t\t\t\t\t<span class=\"elementor-button-content-wrapper\">\n\t\t\t\t\t\t<span class=\"elementor-button-text\">\u0130LET\u0130\u015e\u0130M FORMU<\/span>\n\t\t<\/span>\n\t\t\t\t\t<\/a>\n\t\t<\/div>\n\t\t\t\t<\/div>\n\t\t\t\t<\/div>\n\t\t\t\t\t\t<\/div>\n\t\t\t\t\t<\/div>\n\t\t<\/div>\n\t\t\t\t\t\t\t\t<\/div>\n\t\t\t\t\t<\/div>\n\t\t<\/section>\n\t\t\t\t\t\t<\/div>\n\t\t\t\t\t<\/div>\n\t\t<\/div>\n\t\t\t\t<div class=\"elementor-column elementor-col-66 elementor-top-column elementor-element elementor-element-567fcc3\" data-id=\"567fcc3\" data-element_type=\"column\">\n\t\t\t<div class=\"elementor-column-wrap elementor-element-populated\">\n\t\t\t\t\t\t\t<div class=\"elementor-widget-wrap\">\n\t\t\t\t\t\t<div class=\"elementor-element elementor-element-12ae926 elementor-widget elementor-widget-induxo-title\" data-id=\"12ae926\" data-element_type=\"widget\" data-widget_type=\"induxo-title.default\">\n\t\t\t\t<div class=\"elementor-widget-container\">\n\t\t\t         <div class=\"section-heading-content\">\n                     <h2 class=\"section-title title-left\">\n                 <span>Teknoloji<\/span>            <\/h2>\n         <\/div><!-- Section title -->\t\t\n         \n\n     \n    \t\t<\/div>\n\t\t\t\t<\/div>\n\t\t\t\t<div class=\"elementor-element elementor-element-6221484 elementor-widget elementor-widget-text-editor\" data-id=\"6221484\" data-element_type=\"widget\" data-widget_type=\"text-editor.default\">\n\t\t\t\t<div class=\"elementor-widget-container\">\n\t\t\t\t\t<div class=\"elementor-text-editor elementor-clearfix\"><p>Dijitalle\u015fme ve End\u00fcstri 4.0 kavramlar\u0131 ile Blockchain gibi uygulamalar\u0131n giderek yayg\u0131nla\u015ft\u0131\u011f\u0131 bir d\u00f6nemde, teknolojik geli\u015fmeleri yak\u0131ndan takip ediyor, sundu\u011fumuz hizmetlerde son teknolojiyi kullan\u0131yoruz. Teknolojik alt yap\u0131m\u0131z \u00e7a\u011f\u0131n gerektirdi\u011fi t\u00fcm ihtiya\u00e7lara cevap verebilecek \u015fekilde yap\u0131land\u0131r\u0131lm\u0131\u015ft\u0131r.<\/p><p><b>Y\u0131lmax Online\u00a0<\/b><\/p><p>Y\u0131lmax, m\u00fc\u015fterilerinin talep ve beklentilerine en h\u0131zl\u0131 \u015fekilde kar\u015f\u0131l\u0131k verebilmek, verimli \u00e7al\u0131\u015fmalar\u0131na olanak sa\u011flamak, zaman kazand\u0131rmak ve \u00e7al\u0131\u015fma hayatlar\u0131n\u0131 kolayla\u015ft\u0131rabilmek ad\u0131na kendi yaz\u0131l\u0131m ekibini olu\u015fturmu\u015ftur. App Store ve Google Play Store \u00fczerinden indirilebilen Y\u0131lmax Online uygulamas\u0131n\u0131 hayata ge\u00e7irmi\u015ftir. M\u00fc\u015fterilerimiz, kullan\u0131c\u0131 ad\u0131 ve \u015fifre ile giri\u015f yap\u0131labilen Y\u0131lmax Online uygulamas\u0131 sayesinde, operasyonel i\u015flemlerinin anl\u0131k durumuna, faaliyet raporlar\u0131na, dijital ar\u015fivlerine ve finansal verilerine diledikleri zaman eri\u015febilmektedir.\u00a0<\/p><p>E<b>lektronik Veri Entegrasyonu\u00a0<\/b><\/p><p>Zaman, maliyet, ileti\u015fim ve planlaman\u0131n t\u00fcm \u015firketler i\u00e7in son derece \u00f6nemli oldu\u011funun bilincindeyiz. Elektronik veri entegrasyonu uygulamalar\u0131m\u0131z ile m\u00fc\u015fterilerimizin hayat\u0131n\u0131 kolayla\u015ft\u0131rmaya devam ediyoruz. M\u00fc\u015fteri taleplerine g\u00f6re \u00f6zelle\u015ftirilebilen operasyonel ve finansal entegrasyonlar sayesinde i\u015flemleri h\u0131zl\u0131 ve hatas\u0131z bir \u015fekilde ger\u00e7ekle\u015ftiriyoruz.\u00a0<\/p><p><b>\u0130\u015f Takip Sistemi\u00a0<\/b><\/p><p>T\u00fcm G\u00fcmr\u00fck i\u015flemleri Evrim yaz\u0131l\u0131m\u0131 \u00fczerinden elektronik olarak y\u00fcr\u00fct\u00fclmektedir. \u015eirket merkezi ve \u015fubelerimiz aras\u0131ndaki online ba\u011flant\u0131 sayesinde i\u015flemler hangi b\u00f6lgede olursa olsun en h\u0131zl\u0131 \u015fekilde ger\u00e7ekle\u015ftirilmektedir. G\u00fcmr\u00fck i\u015flemleri ile ilgili s\u00fcre\u00e7ler operasyon y\u00f6neticilerimiz taraf\u0131ndan d\u00fczenli olarak izlenmekte, analiz edilmekte ve i\u015flemlerin g\u00fcvenilir bir \u015fekilde tamamlanmas\u0131 sa\u011flanmaktad\u0131r.\u00a0<\/p><p><b>Dijital Ar\u015fiv\u00a0<\/b><\/p><p>G\u00fcmr\u00fck i\u015flemleri sonras\u0131nda dosya i\u00e7eri\u011finde bulunan t\u00fcm evraklar dijital ar\u015fiv sistemimize taranmaktad\u0131r. M\u00fc\u015fterilerimiz, OCR (optical character recognition \/ optik karakter tan\u0131ma) \u00f6zellikli tarama sistemimiz ile Y\u0131lmax Online \u00fczerinden diledikleri zaman verilerine ula\u015fabilmektedir. \u0130stenildi\u011fi takdirde bu evraklar\u0131 bilgisayarlar\u0131na kaydetme ve \u00e7\u0131kt\u0131lar\u0131n\u0131 alabilme imkan\u0131na sahiptirler.\u00a0<\/p><p><b>Grup Mail\u00a0<\/b><\/p><p>Operasyonel grup mail uygulamas\u0131 sayesinde tek bir talimatla ayn\u0131 anda m\u00fc\u015fteri temsilcilerinize, ekip liderine, g\u00fcmr\u00fck sorumlular\u0131 ve operasyon y\u00f6neticilerine ula\u015fabilirsiniz. Grup mail uygulamas\u0131, talimat\u0131n\u0131z\u0131n ayn\u0131 anda birden fazla ki\u015fiye ula\u015fmas\u0131, h\u0131zl\u0131 bir \u015fekilde aksiyon al\u0131nmas\u0131, i\u015flemlerin do\u011fru bir \u015fekilde organize edilmesi ve sonu\u00e7land\u0131r\u0131lmas\u0131 ile birlikte hizmet s\u00fcrecimizin denetlenmesi ve analiz edilebilmesine imkan sa\u011flamaktad\u0131r. \u00c7a\u011f\u0131n ihtiya\u00e7lar\u0131na uygun, teknolojiye yak\u0131n ve yenilikten yana slogan\u0131yla, Y\u0131lmax G\u00fcmr\u00fck M\u00fc\u015favirli\u011fi teknolojik yat\u0131r\u0131mlar\u0131na h\u0131z kesmeden devam etmektedir.<\/p><\/div>\n\t\t\t\t<\/div>\n\t\t\t\t<\/div>\n\t\t\t\t\t\t<\/div>\n\t\t\t\t\t<\/div>\n\t\t<\/div>\n\t\t\t\t\t\t\t\t<\/div>\n\t\t\t\t\t<\/div>\n\t\t<\/section>\n\t\t\t\t\t\t<\/div>\n\t\t\t\t\t\t<\/div>\n\t\t\t\t\t<\/div>\n\t\t","protected":false},"excerpt":{"rendered":"<p>Bize Ula\u015f\u0131n \u00c7oban\u00e7e\u015fme Mah. Kalender Sok. Elpa Residence No:7\/2 Bah\u00e7elievler&nbsp;\/ \u0130STANBUL Tel : +90 535 223 75 98 E-posta : bilgi@yilmaxgumruk.com \u0130LET\u0130\u015e\u0130M FORMU Teknoloji Dijitalle\u015fme ve End\u00fcstri 4.0 kavramlar\u0131 ile Blockchain gibi uygulamalar\u0131n giderek yayg\u0131nla\u015ft\u0131\u011f\u0131 bir d\u00f6nemde, teknolojik geli\u015fmeleri yak\u0131ndan takip ediyor, sundu\u011fumuz hizmetlerde son teknolojiyi kullan\u0131yoruz. Teknolojik alt yap\u0131m\u0131z \u00e7a\u011f\u0131n gerektirdi\u011fi t\u00fcm ihtiya\u00e7lara cevap [&hellip;]<\/p>\n","protected":false},"author":1,"featured_media":0,"parent":0,"menu_order":0,"comment_status":"closed","ping_status":"closed","template":"template\/full-width-template.php","meta":[],"_links":{"self":[{"href":"https:\/\/yilmaxgumruk.com\/index.php?rest_route=\/wp\/v2\/pages\/1699"}],"collection":[{"href":"https:\/\/yilmaxgumruk.com\/index.php?rest_route=\/wp\/v2\/pages"}],"about":[{"href":"https:\/\/yilmaxgumruk.com\/index.php?rest_route=\/wp\/v2\/types\/page"}],"author":[{"embeddable":true,"href":"https:\/\/yilmaxgumruk.com\/index.php?rest_route=\/wp\/v2\/users\/1"}],"replies":[{"embeddable":true,"href":"https:\/\/yilmaxgumruk.com\/index.php?rest_route=%2Fwp%2Fv2%2Fcomments&post=1699"}],"version-history":[{"count":6,"href":"https:\/\/yilmaxgumruk.com\/index.php?rest_route=\/wp\/v2\/pages\/1699\/revisions"}],"predecessor-version":[{"id":1866,"href":"https:\/\/yilmaxgumruk.com\/index.php?rest_route=\/wp\/v2\/pages\/1699\/revisions\/1866"}],"wp:attachment":[{"href":"https:\/\/yilmaxgumruk.com\/index.php?rest_route=%2Fwp%2Fv2%2Fmedia&parent=1699"}],"curies":[{"name":"wp","href":"https:\/\/api.w.org\/{rel}","templated":true}]}}