{"id":1606,"date":"2020-09-03T19:05:04","date_gmt":"2020-09-03T16:05:04","guid":{"rendered":"http:\/\/yilmaxgumruk.com\/?page_id=1606"},"modified":"2022-08-22T10:14:31","modified_gmt":"2022-08-22T07:14:31","slug":"hizmet-verdigimiz-sektorler","status":"publish","type":"page","link":"https:\/\/yilmaxgumruk.com\/?page_id=1606","title":{"rendered":"Hizmet Verdi\u011fimiz Sekt\u00f6rler"},"content":{"rendered":"\t\t<div data-elementor-type=\"wp-post\" data-elementor-id=\"1606\" class=\"elementor elementor-1606\" data-elementor-settings=\"[]\">\n\t\t\t\t\t\t<div class=\"elementor-inner\">\n\t\t\t\t\t\t\t<div class=\"elementor-section-wrap\">\n\t\t\t\t\t\t\t<section class=\"elementor-section elementor-top-section elementor-element elementor-element-3ac3cd3 elementor-section-boxed elementor-section-height-default elementor-section-height-default\" data-id=\"3ac3cd3\" data-element_type=\"section\">\n\t\t\t\t\t\t<div class=\"elementor-container elementor-column-gap-default\">\n\t\t\t\t\t\t\t<div class=\"elementor-row\">\n\t\t\t\t\t<div class=\"elementor-column elementor-col-33 elementor-top-column elementor-element elementor-element-70212bb\" data-id=\"70212bb\" data-element_type=\"column\">\n\t\t\t<div class=\"elementor-column-wrap elementor-element-populated\">\n\t\t\t\t\t\t\t<div class=\"elementor-widget-wrap\">\n\t\t\t\t\t\t<section class=\"elementor-section elementor-inner-section elementor-element elementor-element-eb4d27e elementor-section-boxed elementor-section-height-default elementor-section-height-default\" data-id=\"eb4d27e\" data-element_type=\"section\">\n\t\t\t\t\t\t<div class=\"elementor-container elementor-column-gap-default\">\n\t\t\t\t\t\t\t<div class=\"elementor-row\">\n\t\t\t\t\t<div class=\"elementor-column elementor-col-100 elementor-inner-column elementor-element elementor-element-9c66685\" data-id=\"9c66685\" data-element_type=\"column\" data-settings=\"{&quot;background_background&quot;:&quot;classic&quot;}\">\n\t\t\t<div class=\"elementor-column-wrap elementor-element-populated\">\n\t\t\t\t\t<div class=\"elementor-background-overlay\"><\/div>\n\t\t\t\t\t\t\t<div class=\"elementor-widget-wrap\">\n\t\t\t\t\t\t<div class=\"elementor-element elementor-element-f7c7e30 elementor-widget elementor-widget-heading\" data-id=\"f7c7e30\" data-element_type=\"widget\" data-widget_type=\"heading.default\">\n\t\t\t\t<div class=\"elementor-widget-container\">\n\t\t\t<h2 class=\"elementor-heading-title elementor-size-default\">Bize Ula\u015f\u0131n<\/h2>\t\t<\/div>\n\t\t\t\t<\/div>\n\t\t\t\t<div class=\"elementor-element elementor-element-12fc90f elementor-widget elementor-widget-text-editor\" data-id=\"12fc90f\" data-element_type=\"widget\" data-widget_type=\"text-editor.default\">\n\t\t\t\t<div class=\"elementor-widget-container\">\n\t\t\t\t\t<div class=\"elementor-text-editor elementor-clearfix\"><p>\u00c7oban\u00e7e\u015fme Mah. Kalender Sok. Elpa Residence No:7\/2 Bah\u00e7elievler \/ \u0130STANBUL<\/p><p>Tel : +90 535 223 75 98<br \/>E-posta : bilgi@yilmaxgumruk.com<\/p><\/div>\n\t\t\t\t<\/div>\n\t\t\t\t<\/div>\n\t\t\t\t<div class=\"elementor-element elementor-element-b36c30a elementor-align-left elementor-widget elementor-widget-button\" data-id=\"b36c30a\" data-element_type=\"widget\" data-widget_type=\"button.default\">\n\t\t\t\t<div class=\"elementor-widget-container\">\n\t\t\t\t\t<div class=\"elementor-button-wrapper\">\n\t\t\t<a href=\"#\" class=\"elementor-button-link elementor-button elementor-size-md\" role=\"button\">\n\t\t\t\t\t\t<span class=\"elementor-button-content-wrapper\">\n\t\t\t\t\t\t<span class=\"elementor-button-text\">\u0130LET\u0130\u015e\u0130M FORMU<\/span>\n\t\t<\/span>\n\t\t\t\t\t<\/a>\n\t\t<\/div>\n\t\t\t\t<\/div>\n\t\t\t\t<\/div>\n\t\t\t\t\t\t<\/div>\n\t\t\t\t\t<\/div>\n\t\t<\/div>\n\t\t\t\t\t\t\t\t<\/div>\n\t\t\t\t\t<\/div>\n\t\t<\/section>\n\t\t\t\t\t\t<\/div>\n\t\t\t\t\t<\/div>\n\t\t<\/div>\n\t\t\t\t<div class=\"elementor-column elementor-col-66 elementor-top-column elementor-element elementor-element-567fcc3\" data-id=\"567fcc3\" data-element_type=\"column\">\n\t\t\t<div class=\"elementor-column-wrap elementor-element-populated\">\n\t\t\t\t\t\t\t<div class=\"elementor-widget-wrap\">\n\t\t\t\t\t\t<div class=\"elementor-element elementor-element-12ae926 elementor-widget elementor-widget-induxo-title\" data-id=\"12ae926\" data-element_type=\"widget\" data-widget_type=\"induxo-title.default\">\n\t\t\t\t<div class=\"elementor-widget-container\">\n\t\t\t         <div class=\"section-heading-content\">\n                     <h2 class=\"section-title title-left\">\n                 <span>Hizmet Verdi\u011fimiz Sekt\u00f6rler <\/span>            <\/h2>\n         <\/div><!-- Section title -->\t\t\n         \n\n     \n    \t\t<\/div>\n\t\t\t\t<\/div>\n\t\t\t\t<div class=\"elementor-element elementor-element-6221484 elementor-widget elementor-widget-text-editor\" data-id=\"6221484\" data-element_type=\"widget\" data-widget_type=\"text-editor.default\">\n\t\t\t\t<div class=\"elementor-widget-container\">\n\t\t\t\t\t<div class=\"elementor-text-editor elementor-clearfix\"><p>M\u00fc\u015fteri memnuniyeti odakl\u0131 hizmet anlay\u0131\u015f\u0131 ve s\u00fcrd\u00fcr\u00fclebilir b\u00fcy\u00fcme perspektifi do\u011frultusunda faaliyetlerine devam eden Y\u0131lmax G\u00fcmr\u00fck M\u00fc\u015favirli\u011fi, kuruldu\u011fu g\u00fcnden bug\u00fcne i\u00e7inde bulundu\u011fu sekt\u00f6r\u00fcn nabz\u0131n\u0131 tutan uygulama ve hizmetleriyle hizmet kalitesinde \u00e7\u0131tay\u0131 hep daha yukar\u0131 \u00e7\u0131kar\u0131rken her sekt\u00f6rden kurum ve kurulu\u015flara hizmet vermeyi \u00f6zellikle tercih etmi\u015f s\u00fcrekli g\u00fcncellenen ve revize halinde olan G\u00fcmr\u00fck Mevzuat ve D\u0131\u015f Ticaret h\u00fck\u00fcm ve uygulamalar\u0131 bak\u0131m\u0131ndan her zaman g\u00fcncel ve hakim kalabilmeyi ba\u015farm\u0131\u015ft\u0131r.<\/p><p>Mevcut m\u00fc\u015fteri portf\u00f6y\u00fcnde bir\u00e7ok sekt\u00f6rde ba\u015far\u0131yla faaliyet g\u00f6steren devasa \u00fcretim tesislerine sahip \u00f6nemli say\u0131da Ulusal ve Uluslararas\u0131 grup ve kurulu\u015flar\u0131n yan\u0131nda h\u0131zla b\u00fcy\u00fcyen orta ve k\u00fc\u00e7\u00fck \u00f6l\u00e7ekli firmalar da bulunan Y\u0131lmax G\u00fcmr\u00fck M\u00fc\u015favirli\u011fi, sekt\u00f6rde \u00f6zellikle b\u00fcy\u00fck \u00f6l\u00e7ekli ve \u00fcr\u00fcn gam\u0131 \u00e7ok \u00e7e\u015fitli olan kurulu\u015flara hizmet verebilmek i\u00e7in gerekli olan hareket kabiliyeti yetenek bilgi ve \u00fcretimin sekt\u00f6rel ihtiya\u00e7lar\u0131n\u0131 kar\u015f\u0131lama tecr\u00fcbesini b\u00fcnyesinde bar\u0131nd\u0131ran az say\u0131da G\u00fcmr\u00fck M\u00fc\u015favirli\u011fi \u015firketlerinden biridir.<\/p><p>Y\u0131lmax, portf\u00f6y\u00fcndeki kurulu\u015flar\u0131n hizmet almaktan huzur ve mutluluk duydu\u011fu sundu\u011fu\u201c Butik hizmet \u2018\u2019anlay\u0131\u015f\u0131yla fark ve de\u011fer yaratan d\u0131\u015f ticaret i\u015flemlerinin her a\u015famas\u0131nda bir G\u00fcmr\u00fck M\u00fc\u015favirlik firmas\u0131ndan daha fazlas\u0131n\u0131 vaad eden sayg\u0131n de\u011ferli ve lider bir \u015firket olmay\u0131 ilke edinmi\u015f bunu ba\u015farm\u0131\u015f ve \u00f6zellikle b\u00fcy\u00fck \u00f6l\u00e7ekli yerli ve yabanc\u0131 kurumsal \u015firketlerin Profesyonel G\u00fcmr\u00fck M\u00fc\u015favirli\u011fi Hizmeti aray\u0131\u015f\u0131nda ilk tercih olmu\u015ftur.<\/p><p>Y\u0131lmax G\u00fcmr\u00fck M\u00fc\u015favirli\u011fi, her biri a\u015fa\u011f\u0131da alfabetik s\u0131raya g\u00f6re belirtilen sekt\u00f6rlerde sayg\u0131n bir m\u00fc\u015fteri portf\u00f6y\u00fcne uzun y\u0131llard\u0131r ba\u015far\u0131yla hizmetlerini sunmaya devam etmektedir.<\/p><ul><li>Ambalaj Sanayi Sekt\u00f6r\u00fc<\/li><li>Elektrik, Elektronik ve Bilgisayar Sekt\u00f6r\u00fc<\/li><li>End\u00fcstriyel \u00dcr\u00fcnler Sekt\u00f6r\u00fc<\/li><li>Enerji Sekt\u00f6r\u00fc<\/li><li>Ev Bak\u0131m, Ki\u015fisel Bak\u0131m ve Hobi \u00dcr\u00fcnleri Sekt\u00f6r\u00fc<\/li><li>G\u0131da Sanayi Sekt\u00f6r\u00fc<\/li><li>Haz\u0131r Giyim Sekt\u00f6r\u00fc<\/li><li>\u0130la\u00e7 ve Kimya Sanayi Sekt\u00f6r\u00fc<\/li><li>\u0130n\u015faat ve Yap\u0131 Malzemeleri Sanayi Sekt\u00f6r\u00fc<\/li><li>Kom\u00fcnikasyon \u00dcr\u00fcnleri Sekt\u00f6r\u00fc<\/li><li>Maden-Metal Sanayi Sekt\u00f6r\u00fc<\/li><li>Ofis \u00dcr\u00fcnleri Sekt\u00f6r\u00fc<\/li><li>Otomotiv ve Otomotiv Yan Sanayi Sekt\u00f6r\u00fc<\/li><li>Perakendecilik Sekt\u00f6r\u00fc<\/li><li>Petrol ve Petrol Yan Sanayi \u00dcr\u00fcnleri Sekt\u00f6r\u00fc<\/li><li>Plastik-Lastik Sanayi Sekt\u00f6r<\/li><li>Reklam, Trafik G\u00fcvenli\u011fi ve Optik \u00dcr\u00fcnleri Sekt\u00f6r\u00fc<\/li><li>Sa\u011fl\u0131k \u00fcr\u00fcnleri Sekt\u00f6r\u00fc<\/li><li>Seramik Sanayi Sekt\u00f6r\u00fc<\/li><li>Tar\u0131m ve G\u0131da Sekt\u00f6r\u00fc<\/li><li>Temizlik, G\u00fczellik-Parf\u00fcmeri-Kozmetik ve Bak\u0131m \u00dcr\u00fcnleri Sekt\u00f6r\u00fc<\/li><li>Tekstil ve Deri Sanayi Sekt\u00f6r\u00fc<\/li><li>T\u0131bbi Alet ve Cihazlar Sekt\u00f6r\u00fc<\/li><li>Ula\u015ft\u0131rma \u00dcr\u00fcnleri Sekt\u00f6r\u00fc<\/li><\/ul><\/div>\n\t\t\t\t<\/div>\n\t\t\t\t<\/div>\n\t\t\t\t\t\t<\/div>\n\t\t\t\t\t<\/div>\n\t\t<\/div>\n\t\t\t\t\t\t\t\t<\/div>\n\t\t\t\t\t<\/div>\n\t\t<\/section>\n\t\t\t\t\t\t<\/div>\n\t\t\t\t\t\t<\/div>\n\t\t\t\t\t<\/div>\n\t\t","protected":false},"excerpt":{"rendered":"<p>Bize Ula\u015f\u0131n \u00c7oban\u00e7e\u015fme Mah. Kalender Sok. Elpa Residence No:7\/2 Bah\u00e7elievler \/ \u0130STANBUL Tel : +90 535 223 75 98E-posta : bilgi@yilmaxgumruk.com \u0130LET\u0130\u015e\u0130M FORMU Hizmet Verdi\u011fimiz Sekt\u00f6rler M\u00fc\u015fteri memnuniyeti odakl\u0131 hizmet anlay\u0131\u015f\u0131 ve s\u00fcrd\u00fcr\u00fclebilir b\u00fcy\u00fcme perspektifi do\u011frultusunda faaliyetlerine devam eden Y\u0131lmax G\u00fcmr\u00fck M\u00fc\u015favirli\u011fi, kuruldu\u011fu g\u00fcnden bug\u00fcne i\u00e7inde bulundu\u011fu sekt\u00f6r\u00fcn nabz\u0131n\u0131 tutan uygulama ve hizmetleriyle hizmet kalitesinde [&hellip;]<\/p>\n","protected":false},"author":1,"featured_media":0,"parent":751,"menu_order":0,"comment_status":"closed","ping_status":"closed","template":"template\/full-width-template.php","meta":[],"_links":{"self":[{"href":"https:\/\/yilmaxgumruk.com\/index.php?rest_route=\/wp\/v2\/pages\/1606"}],"collection":[{"href":"https:\/\/yilmaxgumruk.com\/index.php?rest_route=\/wp\/v2\/pages"}],"about":[{"href":"https:\/\/yilmaxgumruk.com\/index.php?rest_route=\/wp\/v2\/types\/page"}],"author":[{"embeddable":true,"href":"https:\/\/yilmaxgumruk.com\/index.php?rest_route=\/wp\/v2\/users\/1"}],"replies":[{"embeddable":true,"href":"https:\/\/yilmaxgumruk.com\/index.php?rest_route=%2Fwp%2Fv2%2Fcomments&post=1606"}],"version-history":[{"count":11,"href":"https:\/\/yilmaxgumruk.com\/index.php?rest_route=\/wp\/v2\/pages\/1606\/revisions"}],"predecessor-version":[{"id":1857,"href":"https:\/\/yilmaxgumruk.com\/index.php?rest_route=\/wp\/v2\/pages\/1606\/revisions\/1857"}],"up":[{"embeddable":true,"href":"https:\/\/yilmaxgumruk.com\/index.php?rest_route=\/wp\/v2\/pages\/751"}],"wp:attachment":[{"href":"https:\/\/yilmaxgumruk.com\/index.php?rest_route=%2Fwp%2Fv2%2Fmedia&parent=1606"}],"curies":[{"name":"wp","href":"https:\/\/api.w.org\/{rel}","templated":true}]}}