{"id":1591,"date":"2020-09-03T18:49:46","date_gmt":"2020-09-03T15:49:46","guid":{"rendered":"http:\/\/yilmaxgumruk.com\/?page_id=1591"},"modified":"2022-08-22T10:13:20","modified_gmt":"2022-08-22T07:13:20","slug":"kalite-politikasi","status":"publish","type":"page","link":"https:\/\/yilmaxgumruk.com\/?page_id=1591","title":{"rendered":"Kalite Politikas\u0131"},"content":{"rendered":"\t\t<div data-elementor-type=\"wp-post\" data-elementor-id=\"1591\" class=\"elementor elementor-1591\" data-elementor-settings=\"[]\">\n\t\t\t\t\t\t<div class=\"elementor-inner\">\n\t\t\t\t\t\t\t<div class=\"elementor-section-wrap\">\n\t\t\t\t\t\t\t<section class=\"elementor-section elementor-top-section elementor-element elementor-element-3ac3cd3 elementor-section-boxed elementor-section-height-default elementor-section-height-default\" data-id=\"3ac3cd3\" data-element_type=\"section\">\n\t\t\t\t\t\t<div class=\"elementor-container elementor-column-gap-default\">\n\t\t\t\t\t\t\t<div class=\"elementor-row\">\n\t\t\t\t\t<div class=\"elementor-column elementor-col-33 elementor-top-column elementor-element elementor-element-70212bb\" data-id=\"70212bb\" data-element_type=\"column\">\n\t\t\t<div class=\"elementor-column-wrap elementor-element-populated\">\n\t\t\t\t\t\t\t<div class=\"elementor-widget-wrap\">\n\t\t\t\t\t\t<section class=\"elementor-section elementor-inner-section elementor-element elementor-element-020154c elementor-section-boxed elementor-section-height-default elementor-section-height-default\" data-id=\"020154c\" data-element_type=\"section\">\n\t\t\t\t\t\t<div class=\"elementor-container elementor-column-gap-default\">\n\t\t\t\t\t\t\t<div class=\"elementor-row\">\n\t\t\t\t\t<div class=\"elementor-column elementor-col-100 elementor-inner-column elementor-element elementor-element-9733bca\" data-id=\"9733bca\" data-element_type=\"column\" data-settings=\"{&quot;background_background&quot;:&quot;classic&quot;}\">\n\t\t\t<div class=\"elementor-column-wrap elementor-element-populated\">\n\t\t\t\t\t<div class=\"elementor-background-overlay\"><\/div>\n\t\t\t\t\t\t\t<div class=\"elementor-widget-wrap\">\n\t\t\t\t\t\t<div class=\"elementor-element elementor-element-d3ffcc8 elementor-widget elementor-widget-heading\" data-id=\"d3ffcc8\" data-element_type=\"widget\" data-widget_type=\"heading.default\">\n\t\t\t\t<div class=\"elementor-widget-container\">\n\t\t\t<h2 class=\"elementor-heading-title elementor-size-default\">Bize Ula\u015f\u0131n<\/h2>\t\t<\/div>\n\t\t\t\t<\/div>\n\t\t\t\t<div class=\"elementor-element elementor-element-c604b70 elementor-widget elementor-widget-text-editor\" data-id=\"c604b70\" data-element_type=\"widget\" data-widget_type=\"text-editor.default\">\n\t\t\t\t<div class=\"elementor-widget-container\">\n\t\t\t\t\t<div class=\"elementor-text-editor elementor-clearfix\"><p>\u00c7oban\u00e7e\u015fme Mah. Kalender Sok. Elpa Residence No:7\/2 Bah\u00e7elievler \/ \u0130STANBUL<\/p><p>Tel : +90 535 223 75 98<br \/>E-posta : bilgi@yilmaxgumruk.com<\/p><\/div>\n\t\t\t\t<\/div>\n\t\t\t\t<\/div>\n\t\t\t\t<div class=\"elementor-element elementor-element-d7eb3d8 elementor-align-left elementor-widget elementor-widget-button\" data-id=\"d7eb3d8\" data-element_type=\"widget\" data-widget_type=\"button.default\">\n\t\t\t\t<div class=\"elementor-widget-container\">\n\t\t\t\t\t<div class=\"elementor-button-wrapper\">\n\t\t\t<a href=\"#\" class=\"elementor-button-link elementor-button elementor-size-md\" role=\"button\">\n\t\t\t\t\t\t<span class=\"elementor-button-content-wrapper\">\n\t\t\t\t\t\t<span class=\"elementor-button-text\">\u0130LET\u0130\u015e\u0130M FORMU<\/span>\n\t\t<\/span>\n\t\t\t\t\t<\/a>\n\t\t<\/div>\n\t\t\t\t<\/div>\n\t\t\t\t<\/div>\n\t\t\t\t\t\t<\/div>\n\t\t\t\t\t<\/div>\n\t\t<\/div>\n\t\t\t\t\t\t\t\t<\/div>\n\t\t\t\t\t<\/div>\n\t\t<\/section>\n\t\t\t\t\t\t<\/div>\n\t\t\t\t\t<\/div>\n\t\t<\/div>\n\t\t\t\t<div class=\"elementor-column elementor-col-66 elementor-top-column elementor-element elementor-element-567fcc3\" data-id=\"567fcc3\" data-element_type=\"column\">\n\t\t\t<div class=\"elementor-column-wrap elementor-element-populated\">\n\t\t\t\t\t\t\t<div class=\"elementor-widget-wrap\">\n\t\t\t\t\t\t<div class=\"elementor-element elementor-element-12ae926 elementor-widget elementor-widget-induxo-title\" data-id=\"12ae926\" data-element_type=\"widget\" data-widget_type=\"induxo-title.default\">\n\t\t\t\t<div class=\"elementor-widget-container\">\n\t\t\t         <div class=\"section-heading-content\">\n                     <h2 class=\"section-title title-left\">\n                 <span>Kalite Politikas\u0131<\/span>            <\/h2>\n         <\/div><!-- Section title -->\t\t\n         \n\n     \n    \t\t<\/div>\n\t\t\t\t<\/div>\n\t\t\t\t<div class=\"elementor-element elementor-element-6221484 elementor-widget elementor-widget-text-editor\" data-id=\"6221484\" data-element_type=\"widget\" data-widget_type=\"text-editor.default\">\n\t\t\t\t<div class=\"elementor-widget-container\">\n\t\t\t\t\t<div class=\"elementor-text-editor elementor-clearfix\"><p>Yilmax G\u00fcmr\u00fck M\u00fc\u015favirli\u011fi, e\u011fitime ve geli\u015fime \u00f6nem veren y\u00f6netim anlay\u0131\u015f\u0131, m\u00fc\u015fteri memnuniyeti odakl\u0131 yakla\u015f\u0131m\u0131, deneyimli ve dinamik ekibiyle, yasal mevzuat \u00e7er\u00e7evesinde kaliteli, g\u00fcvenilir ve butik hizmet sunmay\u0131 ilke edinmi\u015ftir.<\/p><p>T\u00fcm birimlerde geli\u015fme ve iyile\u015fmeyi sa\u011flamak, verimlili\u011fi art\u0131rmak, etik de\u011ferler \u00e7er\u00e7evesinde m\u00fc\u015fteri memnuniyetini ana hedef kabul ederek, ISO 9001 ve ISO 27001 standartlar\u0131n\u0131n gereklerini yerine getirmek ve s\u00fcreklili\u011fini sa\u011flamak kalite politikam\u0131zd\u0131r.<\/p><\/div>\n\t\t\t\t<\/div>\n\t\t\t\t<\/div>\n\t\t\t\t\t\t<\/div>\n\t\t\t\t\t<\/div>\n\t\t<\/div>\n\t\t\t\t\t\t\t\t<\/div>\n\t\t\t\t\t<\/div>\n\t\t<\/section>\n\t\t\t\t\t\t<\/div>\n\t\t\t\t\t\t<\/div>\n\t\t\t\t\t<\/div>\n\t\t","protected":false},"excerpt":{"rendered":"<p>Bize Ula\u015f\u0131n \u00c7oban\u00e7e\u015fme Mah. Kalender Sok. Elpa Residence No:7\/2 Bah\u00e7elievler \/ \u0130STANBUL Tel : +90 535 223 75 98E-posta : bilgi@yilmaxgumruk.com \u0130LET\u0130\u015e\u0130M FORMU Kalite Politikas\u0131 Yilmax G\u00fcmr\u00fck M\u00fc\u015favirli\u011fi, e\u011fitime ve geli\u015fime \u00f6nem veren y\u00f6netim anlay\u0131\u015f\u0131, m\u00fc\u015fteri memnuniyeti odakl\u0131 yakla\u015f\u0131m\u0131, deneyimli ve dinamik ekibiyle, yasal mevzuat \u00e7er\u00e7evesinde kaliteli, g\u00fcvenilir ve butik hizmet sunmay\u0131 ilke edinmi\u015ftir. T\u00fcm [&hellip;]<\/p>\n","protected":false},"author":1,"featured_media":0,"parent":751,"menu_order":0,"comment_status":"closed","ping_status":"closed","template":"template\/full-width-template.php","meta":[],"_links":{"self":[{"href":"https:\/\/yilmaxgumruk.com\/index.php?rest_route=\/wp\/v2\/pages\/1591"}],"collection":[{"href":"https:\/\/yilmaxgumruk.com\/index.php?rest_route=\/wp\/v2\/pages"}],"about":[{"href":"https:\/\/yilmaxgumruk.com\/index.php?rest_route=\/wp\/v2\/types\/page"}],"author":[{"embeddable":true,"href":"https:\/\/yilmaxgumruk.com\/index.php?rest_route=\/wp\/v2\/users\/1"}],"replies":[{"embeddable":true,"href":"https:\/\/yilmaxgumruk.com\/index.php?rest_route=%2Fwp%2Fv2%2Fcomments&post=1591"}],"version-history":[{"count":7,"href":"https:\/\/yilmaxgumruk.com\/index.php?rest_route=\/wp\/v2\/pages\/1591\/revisions"}],"predecessor-version":[{"id":1853,"href":"https:\/\/yilmaxgumruk.com\/index.php?rest_route=\/wp\/v2\/pages\/1591\/revisions\/1853"}],"up":[{"embeddable":true,"href":"https:\/\/yilmaxgumruk.com\/index.php?rest_route=\/wp\/v2\/pages\/751"}],"wp:attachment":[{"href":"https:\/\/yilmaxgumruk.com\/index.php?rest_route=%2Fwp%2Fv2%2Fmedia&parent=1591"}],"curies":[{"name":"wp","href":"https:\/\/api.w.org\/{rel}","templated":true}]}}