{"id":1574,"date":"2020-09-03T17:04:29","date_gmt":"2020-09-03T14:04:29","guid":{"rendered":"http:\/\/yilmaxgumruk.com\/?page_id=1574"},"modified":"2022-08-22T10:13:08","modified_gmt":"2022-08-22T07:13:08","slug":"vizyon-misyon","status":"publish","type":"page","link":"https:\/\/yilmaxgumruk.com\/?page_id=1574","title":{"rendered":"Vizyon \/ Misyon"},"content":{"rendered":"\t\t<div data-elementor-type=\"wp-post\" data-elementor-id=\"1574\" class=\"elementor elementor-1574\" data-elementor-settings=\"[]\">\n\t\t\t\t\t\t<div class=\"elementor-inner\">\n\t\t\t\t\t\t\t<div class=\"elementor-section-wrap\">\n\t\t\t\t\t\t\t<section class=\"elementor-section elementor-top-section elementor-element elementor-element-3ac3cd3 elementor-section-boxed elementor-section-height-default elementor-section-height-default\" data-id=\"3ac3cd3\" data-element_type=\"section\">\n\t\t\t\t\t\t<div class=\"elementor-container elementor-column-gap-default\">\n\t\t\t\t\t\t\t<div class=\"elementor-row\">\n\t\t\t\t\t<div class=\"elementor-column elementor-col-33 elementor-top-column elementor-element elementor-element-70212bb\" data-id=\"70212bb\" data-element_type=\"column\">\n\t\t\t<div class=\"elementor-column-wrap elementor-element-populated\">\n\t\t\t\t\t\t\t<div class=\"elementor-widget-wrap\">\n\t\t\t\t\t\t<section class=\"elementor-section elementor-inner-section elementor-element elementor-element-94057a0 elementor-section-boxed elementor-section-height-default elementor-section-height-default\" data-id=\"94057a0\" data-element_type=\"section\">\n\t\t\t\t\t\t<div class=\"elementor-container elementor-column-gap-default\">\n\t\t\t\t\t\t\t<div class=\"elementor-row\">\n\t\t\t\t\t<div class=\"elementor-column elementor-col-100 elementor-inner-column elementor-element elementor-element-457e414\" data-id=\"457e414\" data-element_type=\"column\" data-settings=\"{&quot;background_background&quot;:&quot;classic&quot;}\">\n\t\t\t<div class=\"elementor-column-wrap elementor-element-populated\">\n\t\t\t\t\t<div class=\"elementor-background-overlay\"><\/div>\n\t\t\t\t\t\t\t<div class=\"elementor-widget-wrap\">\n\t\t\t\t\t\t<div class=\"elementor-element elementor-element-051635a elementor-widget elementor-widget-heading\" data-id=\"051635a\" data-element_type=\"widget\" data-widget_type=\"heading.default\">\n\t\t\t\t<div class=\"elementor-widget-container\">\n\t\t\t<h2 class=\"elementor-heading-title elementor-size-default\">Bize Ula\u015f\u0131n<\/h2>\t\t<\/div>\n\t\t\t\t<\/div>\n\t\t\t\t<div class=\"elementor-element elementor-element-145d6ea elementor-widget elementor-widget-text-editor\" data-id=\"145d6ea\" data-element_type=\"widget\" data-widget_type=\"text-editor.default\">\n\t\t\t\t<div class=\"elementor-widget-container\">\n\t\t\t\t\t<div class=\"elementor-text-editor elementor-clearfix\"><p>\u00c7oban\u00e7e\u015fme Mah. Kalender Sok. Elpa Residence No:7\/2 Bah\u00e7elievler \/ \u0130STANBUL<\/p><p>Tel : +90 535 223 75 98<br \/>E-posta : bilgi@yilmaxgumruk.com<\/p><\/div>\n\t\t\t\t<\/div>\n\t\t\t\t<\/div>\n\t\t\t\t<div class=\"elementor-element elementor-element-36880a4 elementor-align-left elementor-widget elementor-widget-button\" data-id=\"36880a4\" data-element_type=\"widget\" data-widget_type=\"button.default\">\n\t\t\t\t<div class=\"elementor-widget-container\">\n\t\t\t\t\t<div class=\"elementor-button-wrapper\">\n\t\t\t<a href=\"#\" class=\"elementor-button-link elementor-button elementor-size-md\" role=\"button\">\n\t\t\t\t\t\t<span class=\"elementor-button-content-wrapper\">\n\t\t\t\t\t\t<span class=\"elementor-button-text\">\u0130LET\u0130\u015e\u0130M FORMU<\/span>\n\t\t<\/span>\n\t\t\t\t\t<\/a>\n\t\t<\/div>\n\t\t\t\t<\/div>\n\t\t\t\t<\/div>\n\t\t\t\t\t\t<\/div>\n\t\t\t\t\t<\/div>\n\t\t<\/div>\n\t\t\t\t\t\t\t\t<\/div>\n\t\t\t\t\t<\/div>\n\t\t<\/section>\n\t\t\t\t\t\t<\/div>\n\t\t\t\t\t<\/div>\n\t\t<\/div>\n\t\t\t\t<div class=\"elementor-column elementor-col-66 elementor-top-column elementor-element elementor-element-567fcc3\" data-id=\"567fcc3\" data-element_type=\"column\">\n\t\t\t<div class=\"elementor-column-wrap elementor-element-populated\">\n\t\t\t\t\t\t\t<div class=\"elementor-widget-wrap\">\n\t\t\t\t\t\t<div class=\"elementor-element elementor-element-12ae926 elementor-widget elementor-widget-induxo-title\" data-id=\"12ae926\" data-element_type=\"widget\" data-widget_type=\"induxo-title.default\">\n\t\t\t\t<div class=\"elementor-widget-container\">\n\t\t\t         <div class=\"section-heading-content\">\n                     <h2 class=\"section-title title-left\">\n                 <span>Vizyon<\/span>            <\/h2>\n         <\/div><!-- Section title -->\t\t\n         \n\n     \n    \t\t<\/div>\n\t\t\t\t<\/div>\n\t\t\t\t<div class=\"elementor-element elementor-element-6221484 elementor-widget elementor-widget-text-editor\" data-id=\"6221484\" data-element_type=\"widget\" data-widget_type=\"text-editor.default\">\n\t\t\t\t<div class=\"elementor-widget-container\">\n\t\t\t\t\t<div class=\"elementor-text-editor elementor-clearfix\"><p>\u00dclkemizin her b\u00f6lgesinde yayg\u0131n, g\u00fcvenilir ve \u00fcst\u00fcn kalitede hizmet sunan, d\u0131\u015f ticaret ve g\u00fcmr\u00fck i\u015flemleri ile ilgili her kesimin hizmet almaktan huzur ve mutluluk duydu\u011fu, m\u00fc\u015fterilerini ve insan kayna\u011f\u0131n\u0131 en de\u011ferli aktifi olarak kabul eden, sundu\u011fu \u201c Butik hizmet \u2018\u2019anlay\u0131\u015f\u0131yla fark ve de\u011fer yaratan, rakiplerinin \u00f6rnek ald\u0131\u011f\u0131 d\u0131\u015f ticaret i\u015flemlerinin her a\u015famas\u0131nda bir G\u00fcmr\u00fck M\u00fc\u015favirlik firmas\u0131ndan daha fazlas\u0131n\u0131 vadeden, sayg\u0131n, de\u011ferli ve lider bir \u015firket olmakt\u0131r.<\/p><\/div>\n\t\t\t\t<\/div>\n\t\t\t\t<\/div>\n\t\t\t\t<div class=\"elementor-element elementor-element-0ef3df9 elementor-widget elementor-widget-induxo-title\" data-id=\"0ef3df9\" data-element_type=\"widget\" data-widget_type=\"induxo-title.default\">\n\t\t\t\t<div class=\"elementor-widget-container\">\n\t\t\t         <div class=\"section-heading-content\">\n                     <h2 class=\"section-title title-left\">\n                 <span>Misyon<\/span>            <\/h2>\n         <\/div><!-- Section title -->\t\t\n         \n\n     \n    \t\t<\/div>\n\t\t\t\t<\/div>\n\t\t\t\t<div class=\"elementor-element elementor-element-dafdfd7 elementor-widget elementor-widget-text-editor\" data-id=\"dafdfd7\" data-element_type=\"widget\" data-widget_type=\"text-editor.default\">\n\t\t\t\t<div class=\"elementor-widget-container\">\n\t\t\t\t\t<div class=\"elementor-text-editor elementor-clearfix\"><p>M\u00fc\u015fteri tercih, ihtiya\u00e7 ve beklentilerini en iyi \u015fekilde tespit ederek onlara en do\u011fru ve g\u00fcvenilir yollardan en uygun \u00e7\u00f6z\u00fcm \u00f6nerileri sunan, uzman profesyonel kadrosu, g\u00fc\u00e7l\u00fc, kurumsal ve teknolojik alt yap\u0131s\u0131yla hizmetlerini m\u00fc\u015fterilerine h\u0131zl\u0131 ve etkin bir \u015fekilde ula\u015ft\u0131ran, etik de\u011ferlerin ve sosyal sorumlulu\u011fun bilincinde olarak disiplinli ve istikrarl\u0131 bir \u015fekilde faaliyet g\u00f6steren, m\u00fc\u015fteri memnuniyetini her \u015feyden \u00fcst\u00fcn tutan bir \u015firket olmakt\u0131r.<\/p><\/div>\n\t\t\t\t<\/div>\n\t\t\t\t<\/div>\n\t\t\t\t\t\t<\/div>\n\t\t\t\t\t<\/div>\n\t\t<\/div>\n\t\t\t\t\t\t\t\t<\/div>\n\t\t\t\t\t<\/div>\n\t\t<\/section>\n\t\t\t\t\t\t<\/div>\n\t\t\t\t\t\t<\/div>\n\t\t\t\t\t<\/div>\n\t\t","protected":false},"excerpt":{"rendered":"<p>Bize Ula\u015f\u0131n \u00c7oban\u00e7e\u015fme Mah. Kalender Sok. Elpa Residence No:7\/2 Bah\u00e7elievler \/ \u0130STANBUL Tel : +90 535 223 75 98E-posta : bilgi@yilmaxgumruk.com \u0130LET\u0130\u015e\u0130M FORMU Vizyon \u00dclkemizin her b\u00f6lgesinde yayg\u0131n, g\u00fcvenilir ve \u00fcst\u00fcn kalitede hizmet sunan, d\u0131\u015f ticaret ve g\u00fcmr\u00fck i\u015flemleri ile ilgili her kesimin hizmet almaktan huzur ve mutluluk duydu\u011fu, m\u00fc\u015fterilerini ve insan kayna\u011f\u0131n\u0131 en de\u011ferli [&hellip;]<\/p>\n","protected":false},"author":1,"featured_media":0,"parent":751,"menu_order":0,"comment_status":"closed","ping_status":"closed","template":"template\/full-width-template.php","meta":[],"_links":{"self":[{"href":"https:\/\/yilmaxgumruk.com\/index.php?rest_route=\/wp\/v2\/pages\/1574"}],"collection":[{"href":"https:\/\/yilmaxgumruk.com\/index.php?rest_route=\/wp\/v2\/pages"}],"about":[{"href":"https:\/\/yilmaxgumruk.com\/index.php?rest_route=\/wp\/v2\/types\/page"}],"author":[{"embeddable":true,"href":"https:\/\/yilmaxgumruk.com\/index.php?rest_route=\/wp\/v2\/users\/1"}],"replies":[{"embeddable":true,"href":"https:\/\/yilmaxgumruk.com\/index.php?rest_route=%2Fwp%2Fv2%2Fcomments&post=1574"}],"version-history":[{"count":10,"href":"https:\/\/yilmaxgumruk.com\/index.php?rest_route=\/wp\/v2\/pages\/1574\/revisions"}],"predecessor-version":[{"id":1851,"href":"https:\/\/yilmaxgumruk.com\/index.php?rest_route=\/wp\/v2\/pages\/1574\/revisions\/1851"}],"up":[{"embeddable":true,"href":"https:\/\/yilmaxgumruk.com\/index.php?rest_route=\/wp\/v2\/pages\/751"}],"wp:attachment":[{"href":"https:\/\/yilmaxgumruk.com\/index.php?rest_route=%2Fwp%2Fv2%2Fmedia&parent=1574"}],"curies":[{"name":"wp","href":"https:\/\/api.w.org\/{rel}","templated":true}]}}