{"id":1159,"date":"2019-04-24T10:53:53","date_gmt":"2019-04-24T07:53:53","guid":{"rendered":"http:\/\/yilmaxgumruk.com\/?page_id=1159"},"modified":"2022-08-22T10:13:45","modified_gmt":"2022-08-22T07:13:45","slug":"hakkimizda-2","status":"publish","type":"page","link":"https:\/\/yilmaxgumruk.com\/?page_id=1159","title":{"rendered":"Hakk\u0131m\u0131zda"},"content":{"rendered":"\t\t<div data-elementor-type=\"wp-post\" data-elementor-id=\"1159\" class=\"elementor elementor-1159\" data-elementor-settings=\"[]\">\n\t\t\t\t\t\t<div class=\"elementor-inner\">\n\t\t\t\t\t\t\t<div class=\"elementor-section-wrap\">\n\t\t\t\t\t\t\t<section class=\"elementor-section elementor-top-section elementor-element elementor-element-3ac3cd3 elementor-section-boxed elementor-section-height-default elementor-section-height-default\" data-id=\"3ac3cd3\" data-element_type=\"section\">\n\t\t\t\t\t\t<div class=\"elementor-container elementor-column-gap-default\">\n\t\t\t\t\t\t\t<div class=\"elementor-row\">\n\t\t\t\t\t<div class=\"elementor-column elementor-col-33 elementor-top-column elementor-element elementor-element-70212bb\" data-id=\"70212bb\" data-element_type=\"column\">\n\t\t\t<div class=\"elementor-column-wrap elementor-element-populated\">\n\t\t\t\t\t\t\t<div class=\"elementor-widget-wrap\">\n\t\t\t\t\t\t<section class=\"elementor-section elementor-inner-section elementor-element elementor-element-b2a432c elementor-section-boxed elementor-section-height-default elementor-section-height-default\" data-id=\"b2a432c\" data-element_type=\"section\">\n\t\t\t\t\t\t<div class=\"elementor-container elementor-column-gap-default\">\n\t\t\t\t\t\t\t<div class=\"elementor-row\">\n\t\t\t\t\t<div class=\"elementor-column elementor-col-100 elementor-inner-column elementor-element elementor-element-41da233\" data-id=\"41da233\" data-element_type=\"column\" data-settings=\"{&quot;background_background&quot;:&quot;classic&quot;}\">\n\t\t\t<div class=\"elementor-column-wrap elementor-element-populated\">\n\t\t\t\t\t<div class=\"elementor-background-overlay\"><\/div>\n\t\t\t\t\t\t\t<div class=\"elementor-widget-wrap\">\n\t\t\t\t\t\t<div class=\"elementor-element elementor-element-031233e elementor-widget elementor-widget-heading\" data-id=\"031233e\" data-element_type=\"widget\" data-widget_type=\"heading.default\">\n\t\t\t\t<div class=\"elementor-widget-container\">\n\t\t\t<h2 class=\"elementor-heading-title elementor-size-default\">Bize Ula\u015f\u0131n<\/h2>\t\t<\/div>\n\t\t\t\t<\/div>\n\t\t\t\t<div class=\"elementor-element elementor-element-94e11ba elementor-widget elementor-widget-text-editor\" data-id=\"94e11ba\" data-element_type=\"widget\" data-widget_type=\"text-editor.default\">\n\t\t\t\t<div class=\"elementor-widget-container\">\n\t\t\t\t\t<div class=\"elementor-text-editor elementor-clearfix\"><p>\u00c7oban\u00e7e\u015fme Mah. Kalender Sok. Elpa Residence No:7\/2 Bah\u00e7elievler \/ \u0130STANBUL<\/p><p>Tel : +90 535 223 75 98<br \/>E-posta : bilgi@yilmaxgumruk.com<\/p><\/div>\n\t\t\t\t<\/div>\n\t\t\t\t<\/div>\n\t\t\t\t<div class=\"elementor-element elementor-element-331e554 elementor-align-left elementor-widget elementor-widget-button\" data-id=\"331e554\" data-element_type=\"widget\" data-widget_type=\"button.default\">\n\t\t\t\t<div class=\"elementor-widget-container\">\n\t\t\t\t\t<div class=\"elementor-button-wrapper\">\n\t\t\t<a href=\"#\" class=\"elementor-button-link elementor-button elementor-size-md\" role=\"button\">\n\t\t\t\t\t\t<span class=\"elementor-button-content-wrapper\">\n\t\t\t\t\t\t<span class=\"elementor-button-text\">\u0130LET\u0130\u015e\u0130M FORMU<\/span>\n\t\t<\/span>\n\t\t\t\t\t<\/a>\n\t\t<\/div>\n\t\t\t\t<\/div>\n\t\t\t\t<\/div>\n\t\t\t\t\t\t<\/div>\n\t\t\t\t\t<\/div>\n\t\t<\/div>\n\t\t\t\t\t\t\t\t<\/div>\n\t\t\t\t\t<\/div>\n\t\t<\/section>\n\t\t\t\t\t\t<\/div>\n\t\t\t\t\t<\/div>\n\t\t<\/div>\n\t\t\t\t<div class=\"elementor-column elementor-col-66 elementor-top-column elementor-element elementor-element-567fcc3\" data-id=\"567fcc3\" data-element_type=\"column\">\n\t\t\t<div class=\"elementor-column-wrap elementor-element-populated\">\n\t\t\t\t\t\t\t<div class=\"elementor-widget-wrap\">\n\t\t\t\t\t\t<div class=\"elementor-element elementor-element-12ae926 elementor-widget elementor-widget-induxo-title\" data-id=\"12ae926\" data-element_type=\"widget\" data-widget_type=\"induxo-title.default\">\n\t\t\t\t<div class=\"elementor-widget-container\">\n\t\t\t         <div class=\"section-heading-content\">\n                     <h2 class=\"section-title title-left\">\n                 <span>Hakk\u0131m\u0131zda <\/span>            <\/h2>\n         <\/div><!-- Section title -->\t\t\n         \n\n     \n    \t\t<\/div>\n\t\t\t\t<\/div>\n\t\t\t\t<div class=\"elementor-element elementor-element-6221484 elementor-widget elementor-widget-text-editor\" data-id=\"6221484\" data-element_type=\"widget\" data-widget_type=\"text-editor.default\">\n\t\t\t\t<div class=\"elementor-widget-container\">\n\t\t\t\t\t<div class=\"elementor-text-editor elementor-clearfix\"><p>Y\u0131lmax G\u00fcmr\u00fck M\u00fc\u015favirli\u011fi, h\u0131zl\u0131, kaliteli, g\u00fcvenilir ve butik hizmet anlay\u0131\u015f\u0131yla 2018 y\u0131l\u0131nda kurulmu\u015ftur. Faaliyetlerine ba\u015flad\u0131\u011f\u0131 g\u00fcnden bu yana istikrarl\u0131 bir b\u00fcy\u00fcme kaydetmi\u015f, kurulu\u015f ilkelerinden \u00f6d\u00fcn vermeden G\u00fcmr\u00fck M\u00fc\u015favirli\u011fi ve D\u0131\u015f Ticaret Dan\u0131\u015fmanl\u0131\u011f\u0131\u2019n\u0131n yan\u0131 s\u0131ra grup \u015firketleri ve \u00e7\u00f6z\u00fcm ortaklar\u0131 vas\u0131tas\u0131yla, G\u00fcmr\u00fckl\u00fc ve G\u00fcmr\u00fcks\u00fcz Depolama, Uluslararas\u0131 ve Dahili Ta\u015f\u0131mac\u0131l\u0131k ve Sigortac\u0131l\u0131k Hizmetleri ile birlikte teknolojik uygulamalar geli\u015ftirerek T\u00fcrkiye\u2019nin \u00f6nde gelen kurum ve kurulu\u015flar\u0131na hizmetler sunan bir \u015firket haline gelmi\u015ftir.<\/p><p><span style=\"color: var( --e-global-color-text ); font-family: var( --e-global-typography-text-font-family ); font-weight: var( --e-global-typography-text-font-weight );\">Y\u0131lmax G\u00fcmr\u00fck M\u00fc\u015favirli\u011fi, kanun, y\u00f6netmelikler ve etik de\u011ferlere uygun olarak hizmet vermektedir. Alanlar\u0131nda uzmanla\u015fm\u0131\u015f, deneyimli G\u00fcmr\u00fck M\u00fc\u015favirleri, G\u00fcmr\u00fck M\u00fc\u015favir Yard\u0131mc\u0131lar\u0131 ve \u00e7al\u0131\u015fanlar\u0131yla, m\u00fc\u015fterileri talep ve beklentilerine en iyi \u015fekilde cevap vermeye odaklanm\u0131\u015ft\u0131r.<\/span><\/p><p>Tekstil, Otomotiv, Havac\u0131l\u0131k, Bili\u015fim, Teknoloji, Otomasyon, G\u0131da, Kimya, Sa\u011fl\u0131k, \u0130la\u00e7, Kozmetik, \u0130n\u015faat ve Yap\u0131, Makine, Matbaa, E\u011fitim ve Mobilya gibi t\u00fcm sekt\u00f6rlere, ISO 9001 Kalite Y\u00f6netim Sistem Belgesi ve ISO 27001 Bilgi G\u00fcvenli\u011fi Y\u00f6netim Sistemi kapsam\u0131nda sunulan hizmetlerde en son teknolojik alt yap\u0131 ve uygulamalar kullan\u0131lmaktad\u0131r.<\/p><p>Y\u0131lmax G\u00fcmr\u00fck M\u00fc\u015favirli\u011fi, \u0130stanbul G\u00fcmr\u00fck M\u00fc\u015favirleri Derne\u011fi taraf\u0131ndan haz\u0131rlanan \u201cG\u00fcmr\u00fck M\u00fc\u015favirleri Etik Beyan\u0131\u201d imzac\u0131s\u0131d\u0131r.<\/p><\/div>\n\t\t\t\t<\/div>\n\t\t\t\t<\/div>\n\t\t\t\t\t\t<\/div>\n\t\t\t\t\t<\/div>\n\t\t<\/div>\n\t\t\t\t\t\t\t\t<\/div>\n\t\t\t\t\t<\/div>\n\t\t<\/section>\n\t\t\t\t\t\t<\/div>\n\t\t\t\t\t\t<\/div>\n\t\t\t\t\t<\/div>\n\t\t","protected":false},"excerpt":{"rendered":"<p>Bize Ula\u015f\u0131n \u00c7oban\u00e7e\u015fme Mah. Kalender Sok. Elpa Residence No:7\/2 Bah\u00e7elievler \/ \u0130STANBUL Tel : +90 535 223 75 98E-posta : bilgi@yilmaxgumruk.com \u0130LET\u0130\u015e\u0130M FORMU Hakk\u0131m\u0131zda Y\u0131lmax G\u00fcmr\u00fck M\u00fc\u015favirli\u011fi, h\u0131zl\u0131, kaliteli, g\u00fcvenilir ve butik hizmet anlay\u0131\u015f\u0131yla 2018 y\u0131l\u0131nda kurulmu\u015ftur. Faaliyetlerine ba\u015flad\u0131\u011f\u0131 g\u00fcnden bu yana istikrarl\u0131 bir b\u00fcy\u00fcme kaydetmi\u015f, kurulu\u015f ilkelerinden \u00f6d\u00fcn vermeden G\u00fcmr\u00fck M\u00fc\u015favirli\u011fi ve D\u0131\u015f Ticaret [&hellip;]<\/p>\n","protected":false},"author":1,"featured_media":0,"parent":0,"menu_order":0,"comment_status":"closed","ping_status":"closed","template":"template\/full-width-template.php","meta":[],"_links":{"self":[{"href":"https:\/\/yilmaxgumruk.com\/index.php?rest_route=\/wp\/v2\/pages\/1159"}],"collection":[{"href":"https:\/\/yilmaxgumruk.com\/index.php?rest_route=\/wp\/v2\/pages"}],"about":[{"href":"https:\/\/yilmaxgumruk.com\/index.php?rest_route=\/wp\/v2\/types\/page"}],"author":[{"embeddable":true,"href":"https:\/\/yilmaxgumruk.com\/index.php?rest_route=\/wp\/v2\/users\/1"}],"replies":[{"embeddable":true,"href":"https:\/\/yilmaxgumruk.com\/index.php?rest_route=%2Fwp%2Fv2%2Fcomments&post=1159"}],"version-history":[{"count":11,"href":"https:\/\/yilmaxgumruk.com\/index.php?rest_route=\/wp\/v2\/pages\/1159\/revisions"}],"predecessor-version":[{"id":1856,"href":"https:\/\/yilmaxgumruk.com\/index.php?rest_route=\/wp\/v2\/pages\/1159\/revisions\/1856"}],"wp:attachment":[{"href":"https:\/\/yilmaxgumruk.com\/index.php?rest_route=%2Fwp%2Fv2%2Fmedia&parent=1159"}],"curies":[{"name":"wp","href":"https:\/\/api.w.org\/{rel}","templated":true}]}}